{"id":3082,"date":"2025-04-01T00:47:11","date_gmt":"2025-03-31T22:47:11","guid":{"rendered":"https:\/\/lwltransporte.de\/?page_id=3082"},"modified":"2025-04-01T01:35:53","modified_gmt":"2025-03-31T23:35:53","slug":"sicherheit-im-internet","status":"publish","type":"page","link":"https:\/\/lwltransporte.de\/en\/sicherheit-im-internet\/","title":{"rendered":"Sicherheit im Internet"},"content":{"rendered":"<div data-elementor-type=\"wp-page\" data-elementor-id=\"3082\" class=\"elementor elementor-3082\" data-elementor-post-type=\"page\">\n\t\t\t\t<div class=\"elementor-element elementor-element-c7af93f e-flex e-con-boxed syd-sticky-section-no e-con e-parent\" data-id=\"c7af93f\" data-element_type=\"container\" data-e-type=\"container\">\n\t\t\t\t\t<div class=\"e-con-inner\">\n\t\t\t\t<div class=\"elementor-element elementor-element-35afa1c syd-sticky-section-no elementor-widget elementor-widget-heading\" data-id=\"35afa1c\" data-element_type=\"widget\" data-e-type=\"widget\" data-widget_type=\"heading.default\">\n\t\t\t\t<div class=\"elementor-widget-container\">\n\t\t\t\t\t<h2 class=\"elementor-heading-title elementor-size-default\">Sicherheit im Internet ein H\u00f6rbuch von Bodenlos TV<\/h2>\t\t\t\t<\/div>\n\t\t\t\t<\/div>\n\t\t\t\t\t<\/div>\n\t\t\t\t<\/div>\n\t\t<div class=\"elementor-element elementor-element-391ef81 e-flex e-con-boxed syd-sticky-section-no e-con e-parent\" data-id=\"391ef81\" data-element_type=\"container\" data-e-type=\"container\">\n\t\t\t\t\t<div class=\"e-con-inner\">\n\t\t\t\t<div class=\"elementor-element elementor-element-6fb4223 syd-sticky-section-no elementor-widget elementor-widget-text-editor\" data-id=\"6fb4223\" data-element_type=\"widget\" data-e-type=\"widget\" data-widget_type=\"text-editor.default\">\n\t\t\t\t<div class=\"elementor-widget-container\">\n\t\t\t\t\t\t\t\t\t<p style=\"text-align: center;\"><span style=\"color: #ff0000;\">Dies ist ein H\u00f6rbuch zum pr\u00e4ventiven\u00a0 Schutz unserer Kinder im Internet.\u00a0<\/span><\/p><p style=\"text-align: center;\"><span style=\"color: #ff0000;\">Empfohlen ist dieses H\u00f6rbuch f\u00fcr Kinder von 8 &#8211; 14Jahren und sehr imformativ zum richtigen verhalten f\u00fcr eure Kinder im Internet. Auch sind wichtige Information f\u00fcr euch als Eltern dabei.<\/span>\u00a0<\/p>\t\t\t\t\t\t\t\t<\/div>\n\t\t\t\t<\/div>\n\t\t\t\t\t<\/div>\n\t\t\t\t<\/div>\n\t\t<div class=\"elementor-element elementor-element-f5a8311 e-flex e-con-boxed syd-sticky-section-no e-con e-parent\" data-id=\"f5a8311\" data-element_type=\"container\" data-e-type=\"container\">\n\t\t\t\t\t<div class=\"e-con-inner\">\n\t\t\t\t<div class=\"elementor-element elementor-element-9a87205 elementor-align-justify syd-sticky-section-no elementor-widget elementor-widget-button\" data-id=\"9a87205\" data-element_type=\"widget\" data-e-type=\"widget\" data-widget_type=\"button.default\">\n\t\t\t\t<div class=\"elementor-widget-container\">\n\t\t\t\t\t\t\t\t\t<div class=\"elementor-button-wrapper\">\n\t\t\t\t\t<a class=\"elementor-button elementor-button-link elementor-size-sm elementor-animation-bounce-out\" href=\"https:\/\/bodenlos.tv\/\" target=\"_blank\">\n\t\t\t\t\t\t<span class=\"elementor-button-content-wrapper\">\n\t\t\t\t\t\t\t\t\t<span class=\"elementor-button-text\">Zu Bodenlos TV<\/span>\n\t\t\t\t\t<\/span>\n\t\t\t\t\t<\/a>\n\t\t\t\t<\/div>\n\t\t\t\t\t\t\t\t<\/div>\n\t\t\t\t<\/div>\n\t\t\t\t<div class=\"elementor-element elementor-element-bcc0db2 syd-sticky-section-no elementor-widget elementor-widget-spacer\" data-id=\"bcc0db2\" data-element_type=\"widget\" data-e-type=\"widget\" data-widget_type=\"spacer.default\">\n\t\t\t\t<div class=\"elementor-widget-container\">\n\t\t\t\t\t\t\t<div class=\"elementor-spacer\">\n\t\t\t<div class=\"elementor-spacer-inner\"><\/div>\n\t\t<\/div>\n\t\t\t\t\t\t<\/div>\n\t\t\t\t<\/div>\n\t\t\t\t<div class=\"elementor-element elementor-element-a366bf7 syd-sticky-section-no elementor-widget elementor-widget-image\" data-id=\"a366bf7\" data-element_type=\"widget\" data-e-type=\"widget\" data-widget_type=\"image.default\">\n\t\t\t\t<div class=\"elementor-widget-container\">\n\t\t\t\t\t\t\t\t\t\t\t\t\t\t\t<img fetchpriority=\"high\" decoding=\"async\" width=\"724\" height=\"1024\" src=\"https:\/\/lwltransporte.de\/wp-content\/uploads\/2025\/04\/FlyerNew-724x1024.jpg\" class=\"attachment-large size-large wp-image-3087\" alt=\"\" srcset=\"https:\/\/lwltransporte.de\/wp-content\/uploads\/2025\/04\/FlyerNew-724x1024.jpg 724w, https:\/\/lwltransporte.de\/wp-content\/uploads\/2025\/04\/FlyerNew-212x300.jpg 212w, https:\/\/lwltransporte.de\/wp-content\/uploads\/2025\/04\/FlyerNew-768x1086.jpg 768w, https:\/\/lwltransporte.de\/wp-content\/uploads\/2025\/04\/FlyerNew-1086x1536.jpg 1086w, https:\/\/lwltransporte.de\/wp-content\/uploads\/2025\/04\/FlyerNew-1448x2048.jpg 1448w, https:\/\/lwltransporte.de\/wp-content\/uploads\/2025\/04\/FlyerNew-8x12.jpg 8w, https:\/\/lwltransporte.de\/wp-content\/uploads\/2025\/04\/FlyerNew-1000x1414.jpg 1000w, https:\/\/lwltransporte.de\/wp-content\/uploads\/2025\/04\/FlyerNew-230x325.jpg 230w, https:\/\/lwltransporte.de\/wp-content\/uploads\/2025\/04\/FlyerNew-350x495.jpg 350w, https:\/\/lwltransporte.de\/wp-content\/uploads\/2025\/04\/FlyerNew-480x679.jpg 480w, https:\/\/lwltransporte.de\/wp-content\/uploads\/2025\/04\/FlyerNew.jpg 1654w\" sizes=\"(max-width: 724px) 100vw, 724px\" \/>\t\t\t\t\t\t\t\t\t\t\t\t\t\t\t<\/div>\n\t\t\t\t<\/div>\n\t\t\t\t\t<\/div>\n\t\t\t\t<\/div>\n\t\t\t\t<\/div>","protected":false},"excerpt":{"rendered":"<p>Sicherheit im Internet ein H\u00f6rbuch von Bodenlos TV Dies ist ein H\u00f6rbuch zum pr\u00e4ventiven\u00a0 Schutz unserer Kinder im Internet.\u00a0 Empfohlen ist dieses [&hellip;]<\/p>\n","protected":false},"author":1,"featured_media":3096,"parent":0,"menu_order":0,"comment_status":"closed","ping_status":"closed","template":"page-templates\/page_fullwidth.php","meta":{"footnotes":""},"class_list":["post-3082","page","type-page","status-publish","has-post-thumbnail","hentry"],"jetpack_sharing_enabled":true,"_links":{"self":[{"href":"https:\/\/lwltransporte.de\/en\/wp-json\/wp\/v2\/pages\/3082","targetHints":{"allow":["GET"]}}],"collection":[{"href":"https:\/\/lwltransporte.de\/en\/wp-json\/wp\/v2\/pages"}],"about":[{"href":"https:\/\/lwltransporte.de\/en\/wp-json\/wp\/v2\/types\/page"}],"author":[{"embeddable":true,"href":"https:\/\/lwltransporte.de\/en\/wp-json\/wp\/v2\/users\/1"}],"replies":[{"embeddable":true,"href":"https:\/\/lwltransporte.de\/en\/wp-json\/wp\/v2\/comments?post=3082"}],"version-history":[{"count":10,"href":"https:\/\/lwltransporte.de\/en\/wp-json\/wp\/v2\/pages\/3082\/revisions"}],"predecessor-version":[{"id":3107,"href":"https:\/\/lwltransporte.de\/en\/wp-json\/wp\/v2\/pages\/3082\/revisions\/3107"}],"wp:featuredmedia":[{"embeddable":true,"href":"https:\/\/lwltransporte.de\/en\/wp-json\/wp\/v2\/media\/3096"}],"wp:attachment":[{"href":"https:\/\/lwltransporte.de\/en\/wp-json\/wp\/v2\/media?parent=3082"}],"curies":[{"name":"wp","href":"https:\/\/api.w.org\/{rel}","templated":true}]}}